{"id":43,"date":"2023-07-09T11:58:48","date_gmt":"2023-07-09T09:58:48","guid":{"rendered":"http:\/\/www.sofiamillan.com\/?page_id=43"},"modified":"2023-10-17T06:49:33","modified_gmt":"2023-10-17T04:49:33","slug":"about","status":"publish","type":"page","link":"https:\/\/www.sofiamillan.com\/?page_id=43","title":{"rendered":"ABOUT"},"content":{"rendered":"<div class=\"wp-block-image is-style-rounded\">\n<figure class=\"aligncenter size-full is-resized\"><img loading=\"lazy\" decoding=\"async\" width=\"960\" height=\"960\" src=\"https:\/\/www.sofiamillan.com\/wp-content\/uploads\/2023\/09\/Sofia-Foto_Homepage_01.09.2023.jpg\" alt=\"\" class=\"wp-image-111\" style=\"object-fit:contain;width:263px;height:263px\" srcset=\"https:\/\/www.sofiamillan.com\/wp-content\/uploads\/2023\/09\/Sofia-Foto_Homepage_01.09.2023.jpg 960w, https:\/\/www.sofiamillan.com\/wp-content\/uploads\/2023\/09\/Sofia-Foto_Homepage_01.09.2023-300x300.jpg 300w, https:\/\/www.sofiamillan.com\/wp-content\/uploads\/2023\/09\/Sofia-Foto_Homepage_01.09.2023-150x150.jpg 150w, https:\/\/www.sofiamillan.com\/wp-content\/uploads\/2023\/09\/Sofia-Foto_Homepage_01.09.2023-768x768.jpg 768w\" sizes=\"auto, (max-width: 960px) 100vw, 960px\" \/><\/figure>\n<\/div>\n\n\n<p><\/p>\n\n\n\n<p class=\"has-medium-font-size\"><\/p>\n\n\n\n<p><\/p>\n\n\n\n<pre class=\"wp-block-verse has-text-align-left has-medium-font-size\">Sof\u00eda Mill\u00e1n is an Argentinian song writer and a graduate from the National University of Arts of Argentina in folkloric arts. Since 2013 she has been composing milongas, tangos, waltzes, chammaritas and other genres of popular music from the R\u00edo de la Plata region. She is currently conducting research in the field of South American folk music, the results of which influence her compositions.<\/pre>\n\n\n\n<p><\/p>\n\n\n\n<pre class=\"wp-block-verse has-text-align-left has-medium-font-size\">Sof\u00eda Mill\u00e1n es una cantautora argentina. Es profesora en Artes en Folklore con menci\u00f3n en Instrumentos Criollos por la Universidad Nacional de las Artes de Argentina. Desde el a\u00f1o 2013 compone milongas, tangos, valses, chamarritas y dem\u00e1s g\u00e9neros de la m\u00fasica popular rioplatense.\u00a0Actualmente realiza investigaciones en el campo de la m\u00fasica folcl\u00f3rica sudamericana. Los resultados de su trabajo influyen en sus composiciones.<\/pre>\n","protected":false},"excerpt":{"rendered":"<p>Sof\u00eda Mill\u00e1n is an Argentinian song writer and a graduate from the National University of Arts of Argentina in folkloric arts. Since 2013 she has been composing milongas, tangos, waltzes, chammaritas and other genres of popular music from the R\u00edo de la Plata region. She is currently conducting research in the field of South American [&hellip;]<\/p>\n","protected":false},"author":3,"featured_media":0,"parent":0,"menu_order":0,"comment_status":"closed","ping_status":"closed","template":"","meta":{"footnotes":""},"class_list":["post-43","page","type-page","status-publish","hentry"],"_links":{"self":[{"href":"https:\/\/www.sofiamillan.com\/index.php?rest_route=\/wp\/v2\/pages\/43","targetHints":{"allow":["GET"]}}],"collection":[{"href":"https:\/\/www.sofiamillan.com\/index.php?rest_route=\/wp\/v2\/pages"}],"about":[{"href":"https:\/\/www.sofiamillan.com\/index.php?rest_route=\/wp\/v2\/types\/page"}],"author":[{"embeddable":true,"href":"https:\/\/www.sofiamillan.com\/index.php?rest_route=\/wp\/v2\/users\/3"}],"replies":[{"embeddable":true,"href":"https:\/\/www.sofiamillan.com\/index.php?rest_route=%2Fwp%2Fv2%2Fcomments&post=43"}],"version-history":[{"count":91,"href":"https:\/\/www.sofiamillan.com\/index.php?rest_route=\/wp\/v2\/pages\/43\/revisions"}],"predecessor-version":[{"id":504,"href":"https:\/\/www.sofiamillan.com\/index.php?rest_route=\/wp\/v2\/pages\/43\/revisions\/504"}],"wp:attachment":[{"href":"https:\/\/www.sofiamillan.com\/index.php?rest_route=%2Fwp%2Fv2%2Fmedia&parent=43"}],"curies":[{"name":"wp","href":"https:\/\/api.w.org\/{rel}","templated":true}]}}